{"id":150,"date":"2025-10-21T15:39:40","date_gmt":"2025-10-21T15:39:40","guid":{"rendered":"https:\/\/provencenaturelife.com\/?page_id=150"},"modified":"2025-10-21T15:39:40","modified_gmt":"2025-10-21T15:39:40","slug":"mentions-legales","status":"publish","type":"page","link":"https:\/\/provencenaturelife.com\/en\/mentions-legales\/","title":{"rendered":"Legal Notice"},"content":{"rendered":"<p class=\"translation-block\">Simon.\nEmail: simon.the.gardener@outlook.com\n\nHosting provider: Hostinger International Ltd.\nHosting address: Hostinger International Ltd., 61 Lordou Vironos Street, 6023 Larnaca, Cyprus<\/p>\n\n\n\n<p class=\"translation-block\">Publication manager: Simon.\nEmail: simon.the.gardener@outlook.com<\/p>\n\n\n\n<p><strong>Propri\u00e9t\u00e9 intellectuelle :<\/strong><br>Intellectual Property:\nAll content on this site (texts, images, logos) is protected by French and international intellectual property laws. Any full or partial reproduction is prohibited without prior permission.<\/p>\n\n\n\n<p class=\"translation-block\">Cookies and personal data:\nThis site uses cookies to improve user experience and collect anonymous statistics. No personal data is collected without explicit consent.<\/p>","protected":false},"excerpt":{"rendered":"<p>Propri\u00e9taire du site : Simon.Email : simon.the.gardener@outlook.comH\u00e9bergeur : Hostinger International Ltd.Adresse de l\u2019h\u00e9bergeur : Hostinger International Ltd., 61 Lordou Vironos [&hellip;]<\/p>\n","protected":false},"author":1,"featured_media":0,"parent":0,"menu_order":0,"comment_status":"closed","ping_status":"closed","template":"","meta":{"_acf_changed":false,"site-sidebar-layout":"default","site-content-layout":"","ast-site-content-layout":"default","site-content-style":"default","site-sidebar-style":"default","ast-global-header-display":"","ast-banner-title-visibility":"","ast-main-header-display":"","ast-hfb-above-header-display":"","ast-hfb-below-header-display":"","ast-hfb-mobile-header-display":"","site-post-title":"","ast-breadcrumbs-content":"","ast-featured-img":"","footer-sml-layout":"","theme-transparent-header-meta":"","adv-header-id-meta":"","stick-header-meta":"","header-above-stick-meta":"","header-main-stick-meta":"","header-below-stick-meta":"","astra-migrate-meta-layouts":"default","ast-page-background-enabled":"default","ast-page-background-meta":{"desktop":{"background-color":"var(--ast-global-color-5)","background-image":"","background-repeat":"repeat","background-position":"center center","background-size":"auto","background-attachment":"scroll","background-type":"","background-media":"","overlay-type":"","overlay-color":"","overlay-opacity":"","overlay-gradient":""},"tablet":{"background-color":"","background-image":"","background-repeat":"repeat","background-position":"center center","background-size":"auto","background-attachment":"scroll","background-type":"","background-media":"","overlay-type":"","overlay-color":"","overlay-opacity":"","overlay-gradient":""},"mobile":{"background-color":"","background-image":"","background-repeat":"repeat","background-position":"center center","background-size":"auto","background-attachment":"scroll","background-type":"","background-media":"","overlay-type":"","overlay-color":"","overlay-opacity":"","overlay-gradient":""}},"ast-content-background-meta":{"desktop":{"background-color":"var(--ast-global-color-4)","background-image":"","background-repeat":"repeat","background-position":"center center","background-size":"auto","background-attachment":"scroll","background-type":"","background-media":"","overlay-type":"","overlay-color":"","overlay-opacity":"","overlay-gradient":""},"tablet":{"background-color":"var(--ast-global-color-4)","background-image":"","background-repeat":"repeat","background-position":"center center","background-size":"auto","background-attachment":"scroll","background-type":"","background-media":"","overlay-type":"","overlay-color":"","overlay-opacity":"","overlay-gradient":""},"mobile":{"background-color":"var(--ast-global-color-4)","background-image":"","background-repeat":"repeat","background-position":"center center","background-size":"auto","background-attachment":"scroll","background-type":"","background-media":"","overlay-type":"","overlay-color":"","overlay-opacity":"","overlay-gradient":""}},"footnotes":""},"class_list":["post-150","page","type-page","status-publish","hentry"],"acf":[],"yoast_head":"<!-- This site is optimized with the Yoast SEO plugin v27.0 - https:\/\/yoast.com\/product\/yoast-seo-wordpress\/ -->\n<title>Mentions L\u00e9gales - ProvenceNatureLife<\/title>\n<meta name=\"robots\" content=\"index, follow, max-snippet:-1, max-image-preview:large, max-video-preview:-1\" \/>\n<link rel=\"canonical\" href=\"https:\/\/provencenaturelife.com\/en\/mentions-legales\/\" \/>\n<meta property=\"og:locale\" content=\"en_US\" \/>\n<meta property=\"og:type\" content=\"article\" \/>\n<meta property=\"og:title\" content=\"Mentions L\u00e9gales - ProvenceNatureLife\" \/>\n<meta property=\"og:description\" content=\"Propri\u00e9taire du site : Simon.Email : simon.the.gardener@outlook.comH\u00e9bergeur : Hostinger International Ltd.Adresse de l\u2019h\u00e9bergeur : Hostinger International Ltd., 61 Lordou Vironos [&hellip;]\" \/>\n<meta property=\"og:url\" content=\"https:\/\/provencenaturelife.com\/en\/mentions-legales\/\" \/>\n<meta property=\"og:site_name\" content=\"ProvenceNatureLife\" \/>\n<meta name=\"twitter:card\" content=\"summary_large_image\" \/>\n<meta name=\"twitter:label1\" content=\"Est. reading time\" \/>\n\t<meta name=\"twitter:data1\" content=\"1 minute\" \/>\n<script type=\"application\/ld+json\" class=\"yoast-schema-graph\">{\"@context\":\"https:\/\/schema.org\",\"@graph\":[{\"@type\":\"WebPage\",\"@id\":\"https:\/\/provencenaturelife.com\/mentions-legales\/\",\"url\":\"https:\/\/provencenaturelife.com\/mentions-legales\/\",\"name\":\"Mentions L\u00e9gales - ProvenceNatureLife\",\"isPartOf\":{\"@id\":\"https:\/\/provencenaturelife.com\/#website\"},\"datePublished\":\"2025-10-21T15:39:40+00:00\",\"breadcrumb\":{\"@id\":\"https:\/\/provencenaturelife.com\/mentions-legales\/#breadcrumb\"},\"inLanguage\":\"en-US\",\"potentialAction\":[{\"@type\":\"ReadAction\",\"target\":[\"https:\/\/provencenaturelife.com\/mentions-legales\/\"]}]},{\"@type\":\"BreadcrumbList\",\"@id\":\"https:\/\/provencenaturelife.com\/mentions-legales\/#breadcrumb\",\"itemListElement\":[{\"@type\":\"ListItem\",\"position\":1,\"name\":\"Accueil\",\"item\":\"https:\/\/provencenaturelife.com\/\"},{\"@type\":\"ListItem\",\"position\":2,\"name\":\"Mentions L\u00e9gales\"}]},{\"@type\":\"WebSite\",\"@id\":\"https:\/\/provencenaturelife.com\/#website\",\"url\":\"https:\/\/provencenaturelife.com\/\",\"name\":\"Provence Nature Life\",\"description\":\"\",\"publisher\":{\"@id\":\"https:\/\/provencenaturelife.com\/#organization\"},\"potentialAction\":[{\"@type\":\"SearchAction\",\"target\":{\"@type\":\"EntryPoint\",\"urlTemplate\":\"https:\/\/provencenaturelife.com\/?s={search_term_string}\"},\"query-input\":{\"@type\":\"PropertyValueSpecification\",\"valueRequired\":true,\"valueName\":\"search_term_string\"}}],\"inLanguage\":\"en-US\"},{\"@type\":\"Organization\",\"@id\":\"https:\/\/provencenaturelife.com\/#organization\",\"name\":\"ProvenceNatureLife\",\"url\":\"https:\/\/provencenaturelife.com\/\",\"logo\":{\"@type\":\"ImageObject\",\"inLanguage\":\"en-US\",\"@id\":\"https:\/\/provencenaturelife.com\/#\/schema\/logo\/image\/\",\"url\":\"https:\/\/provencenaturelife.com\/wp-content\/uploads\/2025\/10\/Visiting-the-Lavender-Fields-in-Provence.jpg\",\"contentUrl\":\"https:\/\/provencenaturelife.com\/wp-content\/uploads\/2025\/10\/Visiting-the-Lavender-Fields-in-Provence.jpg\",\"width\":1200,\"height\":749,\"caption\":\"ProvenceNatureLife\"},\"image\":{\"@id\":\"https:\/\/provencenaturelife.com\/#\/schema\/logo\/image\/\"}}]}<\/script>\n<!-- \/ Yoast SEO plugin. -->","yoast_head_json":{"title":"Mentions L\u00e9gales - ProvenceNatureLife","robots":{"index":"index","follow":"follow","max-snippet":"max-snippet:-1","max-image-preview":"max-image-preview:large","max-video-preview":"max-video-preview:-1"},"canonical":"https:\/\/provencenaturelife.com\/en\/mentions-legales\/","og_locale":"en_US","og_type":"article","og_title":"Mentions L\u00e9gales - ProvenceNatureLife","og_description":"Propri\u00e9taire du site : Simon.Email : simon.the.gardener@outlook.comH\u00e9bergeur : Hostinger International Ltd.Adresse de l\u2019h\u00e9bergeur : Hostinger International Ltd., 61 Lordou Vironos [&hellip;]","og_url":"https:\/\/provencenaturelife.com\/en\/mentions-legales\/","og_site_name":"ProvenceNatureLife","twitter_card":"summary_large_image","twitter_misc":{"Est. reading time":"1 minute"},"schema":{"@context":"https:\/\/schema.org","@graph":[{"@type":"WebPage","@id":"https:\/\/provencenaturelife.com\/mentions-legales\/","url":"https:\/\/provencenaturelife.com\/mentions-legales\/","name":"Mentions L\u00e9gales - ProvenceNatureLife","isPartOf":{"@id":"https:\/\/provencenaturelife.com\/#website"},"datePublished":"2025-10-21T15:39:40+00:00","breadcrumb":{"@id":"https:\/\/provencenaturelife.com\/mentions-legales\/#breadcrumb"},"inLanguage":"en-US","potentialAction":[{"@type":"ReadAction","target":["https:\/\/provencenaturelife.com\/mentions-legales\/"]}]},{"@type":"BreadcrumbList","@id":"https:\/\/provencenaturelife.com\/mentions-legales\/#breadcrumb","itemListElement":[{"@type":"ListItem","position":1,"name":"Accueil","item":"https:\/\/provencenaturelife.com\/"},{"@type":"ListItem","position":2,"name":"Mentions L\u00e9gales"}]},{"@type":"WebSite","@id":"https:\/\/provencenaturelife.com\/#website","url":"https:\/\/provencenaturelife.com\/","name":"Provence Nature Life","description":"","publisher":{"@id":"https:\/\/provencenaturelife.com\/#organization"},"potentialAction":[{"@type":"SearchAction","target":{"@type":"EntryPoint","urlTemplate":"https:\/\/provencenaturelife.com\/?s={search_term_string}"},"query-input":{"@type":"PropertyValueSpecification","valueRequired":true,"valueName":"search_term_string"}}],"inLanguage":"en-US"},{"@type":"Organization","@id":"https:\/\/provencenaturelife.com\/#organization","name":"ProvenceNatureLife","url":"https:\/\/provencenaturelife.com\/","logo":{"@type":"ImageObject","inLanguage":"en-US","@id":"https:\/\/provencenaturelife.com\/#\/schema\/logo\/image\/","url":"https:\/\/provencenaturelife.com\/wp-content\/uploads\/2025\/10\/Visiting-the-Lavender-Fields-in-Provence.jpg","contentUrl":"https:\/\/provencenaturelife.com\/wp-content\/uploads\/2025\/10\/Visiting-the-Lavender-Fields-in-Provence.jpg","width":1200,"height":749,"caption":"ProvenceNatureLife"},"image":{"@id":"https:\/\/provencenaturelife.com\/#\/schema\/logo\/image\/"}}]}},"_hostinger_reach_plugin_has_subscription_block":false,"_hostinger_reach_plugin_is_elementor":false,"_links":{"self":[{"href":"https:\/\/provencenaturelife.com\/en\/wp-json\/wp\/v2\/pages\/150","targetHints":{"allow":["GET"]}}],"collection":[{"href":"https:\/\/provencenaturelife.com\/en\/wp-json\/wp\/v2\/pages"}],"about":[{"href":"https:\/\/provencenaturelife.com\/en\/wp-json\/wp\/v2\/types\/page"}],"author":[{"embeddable":true,"href":"https:\/\/provencenaturelife.com\/en\/wp-json\/wp\/v2\/users\/1"}],"replies":[{"embeddable":true,"href":"https:\/\/provencenaturelife.com\/en\/wp-json\/wp\/v2\/comments?post=150"}],"version-history":[{"count":1,"href":"https:\/\/provencenaturelife.com\/en\/wp-json\/wp\/v2\/pages\/150\/revisions"}],"predecessor-version":[{"id":151,"href":"https:\/\/provencenaturelife.com\/en\/wp-json\/wp\/v2\/pages\/150\/revisions\/151"}],"wp:attachment":[{"href":"https:\/\/provencenaturelife.com\/en\/wp-json\/wp\/v2\/media?parent=150"}],"curies":[{"name":"wp","href":"https:\/\/api.w.org\/{rel}","templated":true}]}}